{"id":9,"date":"2016-02-01T10:41:07","date_gmt":"2016-02-01T09:41:07","guid":{"rendered":"https:\/\/cornerpocket.nl\/?page_id=9"},"modified":"2016-05-26T15:44:52","modified_gmt":"2016-05-26T14:44:52","slug":"home","status":"publish","type":"page","link":"https:\/\/cornerpocket.nl\/","title":{"rendered":"Home"},"content":{"rendered":"","protected":false},"excerpt":{"rendered":"","protected":false},"author":124,"featured_media":0,"parent":0,"menu_order":0,"comment_status":"closed","ping_status":"closed","template":"page-home.php","meta":{"_acf_changed":false,"footnotes":""},"acf":[],"yoast_head":"<!-- This site is optimized with the Yoast SEO plugin v22.2 - https:\/\/yoast.com\/wordpress\/plugins\/seo\/ -->\n<title>Het gezelligste poolcaf\u00e9 van Den Bosch, Corner Pocket<\/title>\n<meta name=\"description\" content=\"Het gezelligste poolcaf\u00e9 van Den Bosch Vriendengroepen, dates, bedrijfsuitjes, iedereen is welkom! Het gezelligste poolcaf\u00e9 van Den Bosch Vriendengroepen\" \/>\n<meta name=\"robots\" content=\"index, follow, max-snippet:-1, max-image-preview:large, max-video-preview:-1\" \/>\n<link rel=\"canonical\" href=\"https:\/\/cornerpocket.nl\/\" \/>\n<meta property=\"og:locale\" content=\"nl_NL\" \/>\n<meta property=\"og:type\" content=\"article\" \/>\n<meta property=\"og:title\" content=\"Het gezelligste poolcaf\u00e9 van Den Bosch, Corner Pocket\" \/>\n<meta property=\"og:description\" content=\"Het gezelligste poolcaf\u00e9 van Den Bosch Vriendengroepen, dates, bedrijfsuitjes, iedereen is welkom! Het gezelligste poolcaf\u00e9 van Den Bosch Vriendengroepen\" \/>\n<meta property=\"og:url\" content=\"https:\/\/cornerpocket.nl\/\" \/>\n<meta property=\"og:site_name\" content=\"CornerPocket\" \/>\n<meta property=\"article:modified_time\" content=\"2016-05-26T14:44:52+00:00\" \/>\n<meta name=\"twitter:card\" content=\"summary_large_image\" \/>\n<script type=\"application\/ld+json\" class=\"yoast-schema-graph\">{\"@context\":\"https:\/\/schema.org\",\"@graph\":[{\"@type\":\"WebPage\",\"@id\":\"https:\/\/cornerpocket.nl\/\",\"url\":\"https:\/\/cornerpocket.nl\/\",\"name\":\"Het gezelligste poolcaf\u00e9 van Den Bosch, Corner Pocket\",\"isPartOf\":{\"@id\":\"https:\/\/cornerpocket.nl\/#website\"},\"datePublished\":\"2016-02-01T09:41:07+00:00\",\"dateModified\":\"2016-05-26T14:44:52+00:00\",\"description\":\"Het gezelligste poolcaf\u00e9 van Den Bosch Vriendengroepen, dates, bedrijfsuitjes, iedereen is welkom! Het gezelligste poolcaf\u00e9 van Den Bosch Vriendengroepen\",\"breadcrumb\":{\"@id\":\"https:\/\/cornerpocket.nl\/#breadcrumb\"},\"inLanguage\":\"nl-NL\",\"potentialAction\":[{\"@type\":\"ReadAction\",\"target\":[\"https:\/\/cornerpocket.nl\/\"]}]},{\"@type\":\"BreadcrumbList\",\"@id\":\"https:\/\/cornerpocket.nl\/#breadcrumb\",\"itemListElement\":[{\"@type\":\"ListItem\",\"position\":1,\"name\":\"Home\",\"item\":\"https:\/\/cornerpocket.nl\/\"},{\"@type\":\"ListItem\",\"position\":2,\"name\":\"Home\"}]},{\"@type\":\"WebSite\",\"@id\":\"https:\/\/cornerpocket.nl\/#website\",\"url\":\"https:\/\/cornerpocket.nl\/\",\"name\":\"CornerPocket\",\"description\":\"Het gezelligste poolcaf\u00e9 van Den Bosch\",\"potentialAction\":[{\"@type\":\"SearchAction\",\"target\":{\"@type\":\"EntryPoint\",\"urlTemplate\":\"https:\/\/cornerpocket.nl\/?s={search_term_string}\"},\"query-input\":\"required name=search_term_string\"}],\"inLanguage\":\"nl-NL\"}]}<\/script>\n<!-- \/ Yoast SEO plugin. -->","yoast_head_json":{"title":"Het gezelligste poolcaf\u00e9 van Den Bosch, Corner Pocket","description":"Het gezelligste poolcaf\u00e9 van Den Bosch Vriendengroepen, dates, bedrijfsuitjes, iedereen is welkom! Het gezelligste poolcaf\u00e9 van Den Bosch Vriendengroepen","robots":{"index":"index","follow":"follow","max-snippet":"max-snippet:-1","max-image-preview":"max-image-preview:large","max-video-preview":"max-video-preview:-1"},"canonical":"https:\/\/cornerpocket.nl\/","og_locale":"nl_NL","og_type":"article","og_title":"Het gezelligste poolcaf\u00e9 van Den Bosch, Corner Pocket","og_description":"Het gezelligste poolcaf\u00e9 van Den Bosch Vriendengroepen, dates, bedrijfsuitjes, iedereen is welkom! Het gezelligste poolcaf\u00e9 van Den Bosch Vriendengroepen","og_url":"https:\/\/cornerpocket.nl\/","og_site_name":"CornerPocket","article_modified_time":"2016-05-26T14:44:52+00:00","twitter_card":"summary_large_image","schema":{"@context":"https:\/\/schema.org","@graph":[{"@type":"WebPage","@id":"https:\/\/cornerpocket.nl\/","url":"https:\/\/cornerpocket.nl\/","name":"Het gezelligste poolcaf\u00e9 van Den Bosch, Corner Pocket","isPartOf":{"@id":"https:\/\/cornerpocket.nl\/#website"},"datePublished":"2016-02-01T09:41:07+00:00","dateModified":"2016-05-26T14:44:52+00:00","description":"Het gezelligste poolcaf\u00e9 van Den Bosch Vriendengroepen, dates, bedrijfsuitjes, iedereen is welkom! Het gezelligste poolcaf\u00e9 van Den Bosch Vriendengroepen","breadcrumb":{"@id":"https:\/\/cornerpocket.nl\/#breadcrumb"},"inLanguage":"nl-NL","potentialAction":[{"@type":"ReadAction","target":["https:\/\/cornerpocket.nl\/"]}]},{"@type":"BreadcrumbList","@id":"https:\/\/cornerpocket.nl\/#breadcrumb","itemListElement":[{"@type":"ListItem","position":1,"name":"Home","item":"https:\/\/cornerpocket.nl\/"},{"@type":"ListItem","position":2,"name":"Home"}]},{"@type":"WebSite","@id":"https:\/\/cornerpocket.nl\/#website","url":"https:\/\/cornerpocket.nl\/","name":"CornerPocket","description":"Het gezelligste poolcaf\u00e9 van Den Bosch","potentialAction":[{"@type":"SearchAction","target":{"@type":"EntryPoint","urlTemplate":"https:\/\/cornerpocket.nl\/?s={search_term_string}"},"query-input":"required name=search_term_string"}],"inLanguage":"nl-NL"}]}},"_links":{"self":[{"href":"https:\/\/cornerpocket.nl\/index.php?rest_route=\/wp\/v2\/pages\/9"}],"collection":[{"href":"https:\/\/cornerpocket.nl\/index.php?rest_route=\/wp\/v2\/pages"}],"about":[{"href":"https:\/\/cornerpocket.nl\/index.php?rest_route=\/wp\/v2\/types\/page"}],"author":[{"embeddable":true,"href":"https:\/\/cornerpocket.nl\/index.php?rest_route=\/wp\/v2\/users\/124"}],"replies":[{"embeddable":true,"href":"https:\/\/cornerpocket.nl\/index.php?rest_route=%2Fwp%2Fv2%2Fcomments&post=9"}],"version-history":[{"count":38,"href":"https:\/\/cornerpocket.nl\/index.php?rest_route=\/wp\/v2\/pages\/9\/revisions"}],"predecessor-version":[{"id":130,"href":"https:\/\/cornerpocket.nl\/index.php?rest_route=\/wp\/v2\/pages\/9\/revisions\/130"}],"wp:attachment":[{"href":"https:\/\/cornerpocket.nl\/index.php?rest_route=%2Fwp%2Fv2%2Fmedia&parent=9"}],"curies":[{"name":"wp","href":"https:\/\/api.w.org\/{rel}","templated":true}]}}